{"id":849,"date":"2026-03-17T15:50:02","date_gmt":"2026-03-17T15:50:02","guid":{"rendered":"https:\/\/ri.idigh.ca\/careerday2026\/?page_id=849"},"modified":"2026-03-17T16:07:50","modified_gmt":"2026-03-17T16:07:50","slug":"venue","status":"publish","type":"page","link":"https:\/\/ri.idigh.ca\/careerday2026\/venue\/","title":{"rendered":"Venue"},"content":{"rendered":"<figure class=\"wp-block-post-featured-image\"><img loading=\"lazy\" decoding=\"async\" width=\"1000\" height=\"286\" src=\"https:\/\/ri.idigh.ca\/careerday2026\/wp-content\/uploads\/2026\/03\/contact-us.jpg\" class=\"attachment-post-thumbnail size-post-thumbnail wp-post-image\" alt=\"\" style=\"object-fit:cover;\" srcset=\"https:\/\/ri.idigh.ca\/careerday2026\/wp-content\/uploads\/2026\/03\/contact-us.jpg 1000w, https:\/\/ri.idigh.ca\/careerday2026\/wp-content\/uploads\/2026\/03\/contact-us-300x86.jpg 300w, https:\/\/ri.idigh.ca\/careerday2026\/wp-content\/uploads\/2026\/03\/contact-us-768x220.jpg 768w, https:\/\/ri.idigh.ca\/careerday2026\/wp-content\/uploads\/2026\/03\/contact-us-18x5.jpg 18w\" sizes=\"auto, (max-width: 1000px) 100vw, 1000px\" \/><\/figure>\n\n\n<p>Join us at the <strong>Research Institute of the MUHC (Block E)<\/strong>, the home of the IDIGH Program. Presentations will take place in the state-of-the-art Amphitheatre (ES1.1129) while the networking session and cocktail will take place in the adjacent Atrium that offers a vibrant, open-concept setting perfect for networking, refreshments, and collaborative discussion.<\/p>\n\n\n\n<p><strong>Research Institute of the McGill University Health Centre<br><\/strong><a href=\"https:\/\/maps.app.goo.gl\/2MXobw9MjM2mW7867\">Glen site, Block E<br>1001, boul. D\u00e9carie<br>Montr\u00e9al (Qu\u00e9bec) H4A 3J1<\/a><\/p>\n\n\n\n<figure class=\"wp-block-image size-large\"><img loading=\"lazy\" decoding=\"async\" width=\"792\" height=\"1024\" src=\"https:\/\/ri.idigh.ca\/careerday2026\/wp-content\/uploads\/2026\/03\/map_ri-muhc-792x1024.png\" alt=\"\" class=\"wp-image-851\" srcset=\"https:\/\/ri.idigh.ca\/careerday2026\/wp-content\/uploads\/2026\/03\/map_ri-muhc-792x1024.png 792w, https:\/\/ri.idigh.ca\/careerday2026\/wp-content\/uploads\/2026\/03\/map_ri-muhc-232x300.png 232w, https:\/\/ri.idigh.ca\/careerday2026\/wp-content\/uploads\/2026\/03\/map_ri-muhc-768x993.png 768w, https:\/\/ri.idigh.ca\/careerday2026\/wp-content\/uploads\/2026\/03\/map_ri-muhc-1188x1536.png 1188w, https:\/\/ri.idigh.ca\/careerday2026\/wp-content\/uploads\/2026\/03\/map_ri-muhc-9x12.png 9w, https:\/\/ri.idigh.ca\/careerday2026\/wp-content\/uploads\/2026\/03\/map_ri-muhc.png 1200w\" sizes=\"auto, (max-width: 792px) 100vw, 792px\" \/><\/figure>\n\n\n\n<figure class=\"wp-block-image size-large\"><img loading=\"lazy\" decoding=\"async\" width=\"1024\" height=\"791\" src=\"https:\/\/ri.idigh.ca\/careerday2026\/wp-content\/uploads\/2026\/03\/map-walk-from-metro-1024x791.png\" alt=\"\" class=\"wp-image-850\" srcset=\"https:\/\/ri.idigh.ca\/careerday2026\/wp-content\/uploads\/2026\/03\/map-walk-from-metro-1024x791.png 1024w, https:\/\/ri.idigh.ca\/careerday2026\/wp-content\/uploads\/2026\/03\/map-walk-from-metro-300x232.png 300w, https:\/\/ri.idigh.ca\/careerday2026\/wp-content\/uploads\/2026\/03\/map-walk-from-metro-768x593.png 768w, https:\/\/ri.idigh.ca\/careerday2026\/wp-content\/uploads\/2026\/03\/map-walk-from-metro-16x12.png 16w, https:\/\/ri.idigh.ca\/careerday2026\/wp-content\/uploads\/2026\/03\/map-walk-from-metro.png 1200w\" sizes=\"auto, (max-width: 1024px) 100vw, 1024px\" \/><\/figure>\n","protected":false},"excerpt":{"rendered":"<p>Join us at the Research Institute of the MUHC (Block E), the home of the IDIGH Program. Presentations will take place in the state-of-the-art Amphitheatre (ES1.1129) while the networking session and cocktail will take place in the adjacent Atrium that offers a vibrant, open-concept setting perfect for networking, refreshments, and collaborative discussion. Research Institute of [&hellip;]<\/p>\n","protected":false},"author":1,"featured_media":858,"parent":0,"menu_order":0,"comment_status":"closed","ping_status":"closed","template":"","meta":{"footnotes":""},"class_list":["post-849","page","type-page","status-publish","has-post-thumbnail","hentry"],"_links":{"self":[{"href":"https:\/\/ri.idigh.ca\/careerday2026\/wp-json\/wp\/v2\/pages\/849","targetHints":{"allow":["GET"]}}],"collection":[{"href":"https:\/\/ri.idigh.ca\/careerday2026\/wp-json\/wp\/v2\/pages"}],"about":[{"href":"https:\/\/ri.idigh.ca\/careerday2026\/wp-json\/wp\/v2\/types\/page"}],"author":[{"embeddable":true,"href":"https:\/\/ri.idigh.ca\/careerday2026\/wp-json\/wp\/v2\/users\/1"}],"replies":[{"embeddable":true,"href":"https:\/\/ri.idigh.ca\/careerday2026\/wp-json\/wp\/v2\/comments?post=849"}],"version-history":[{"count":4,"href":"https:\/\/ri.idigh.ca\/careerday2026\/wp-json\/wp\/v2\/pages\/849\/revisions"}],"predecessor-version":[{"id":861,"href":"https:\/\/ri.idigh.ca\/careerday2026\/wp-json\/wp\/v2\/pages\/849\/revisions\/861"}],"wp:featuredmedia":[{"embeddable":true,"href":"https:\/\/ri.idigh.ca\/careerday2026\/wp-json\/wp\/v2\/media\/858"}],"wp:attachment":[{"href":"https:\/\/ri.idigh.ca\/careerday2026\/wp-json\/wp\/v2\/media?parent=849"}],"curies":[{"name":"wp","href":"https:\/\/api.w.org\/{rel}","templated":true}]}}