{"id":484,"date":"2025-04-30T16:12:31","date_gmt":"2025-04-30T16:12:31","guid":{"rendered":"https:\/\/ri.idigh.ca\/rd2025\/?page_id=484"},"modified":"2025-05-26T14:29:39","modified_gmt":"2025-05-26T14:29:39","slug":"team","status":"publish","type":"page","link":"https:\/\/ri.idigh.ca\/rd2025\/fr\/team\/","title":{"rendered":"\u00c9quipe"},"content":{"rendered":"<p><strong>Comit\u00e9 organisateur<\/strong><\/p>\n\n\n\n<p>Le comit\u00e9 organisateur dirige la journ\u00e9e de recherche en choisissant les sujets cl\u00e9s et en invitant les conf\u00e9renciers principaux. Ils cr\u00e9ent \u00e9galement l'horaire de base de la journ\u00e9e.<\/p>\n\n\n\n<ul class=\"wp-block-list\">\n<li>Ciro Piccirillo, PhD<\/li>\n\n\n\n<li>Patricia Tonin, PhD<\/li>\n\n\n\n<li>Eva Michaud, PhD<\/li>\n\n\n\n<li>Giada Sebastiani, MD<\/li>\n\n\n\n<li>Martin Olivier, PhD<\/li>\n\n\n\n<li>Eric B\u00e9liveau, PhD<\/li>\n\n\n\n<li>Vicky Barrera, BSc<\/li>\n<\/ul>\n\n\n\n<p><strong>Comit\u00e9 de planification et des op\u00e9rations<\/strong><\/p>\n\n\n\n<p>Responsable de la planification globale et de l'ex\u00e9cution de l'\u00e9v\u00e9nement, depuis l'appel initial aux r\u00e9sum\u00e9s et les invitations des conf\u00e9renciers, jusqu'\u00e0 la gestion de la logistique, la coordination des b\u00e9n\u00e9voles et l'assurance d'une exp\u00e9rience fluide pour tous les participants. L'\u00e9quipe est \u00e9galement responsable des commandites. <\/p>\n\n\n\n<ul class=\"wp-block-list\">\n<li>Eric B\u00e9liveau<\/li>\n\n\n\n<li>Vicky Barrera<\/li>\n<\/ul>\n\n\n\n<p class=\"translation-block\"><strong>Juges pour les pr\u00e9sentations<\/strong><\/p>\n\n\n\n<p>Affiches<\/p>\n\n\n\n<ul class=\"wp-block-list\">\n<li>Andressa Brito Lira<\/li>\n\n\n\n<li>Amina Laham<\/li>\n\n\n\n<li>Anthoula Lazaris<\/li>\n\n\n\n<li>Mohamed Daouli<\/li>\n\n\n\n<li>Seta Derderian<\/li>\n\n\n\n<li>Tho Alfakar Al-Aubodah<\/li>\n\n\n\n<li>Branka Vulesevic<\/li>\n\n\n\n<li>Richard Miallot<\/li>\n\n\n\n<li>Huong Nguyen<\/li>\n\n\n\n<li>Jisun Kim<\/li>\n\n\n\n<li>Shima Rahimirad<\/li>\n\n\n\n<li>Eftyhios Kirbizakis<\/li>\n\n\n\n<li>Myriam Beaulieu<\/li>\n\n\n\n<li>Niusha Khazaei<\/li>\n\n\n\n<li>Maria Cecilia Fernandez<\/li>\n\n\n\n<li>Nadia Boufaeid<\/li>\n\n\n\n<li>Stephane Isnard<\/li>\n\n\n\n<li>Tanvi Anil Javkar<\/li>\n\n\n\n<li>Dany Sibai<\/li>\n\n\n\n<li>Karl-Philippe Gu\u00e9rard<\/li>\n<\/ul>\n\n\n\n<p>Ma th\u00e8se en 3 minutes<\/p>\n\n\n\n<ul class=\"wp-block-list\">\n<li>Ariane Brassard<\/li>\n\n\n\n<li>Abdoulie Touray<\/li>\n\n\n\n<li>Carlos Villalba Guerrero<\/li>\n\n\n\n<li>Rojine McVea<\/li>\n<\/ul>\n\n\n\n<p>Orales<\/p>\n\n\n\n<ul class=\"wp-block-list\">\n<li>Marine Leroux<\/li>\n\n\n\n<li>Michael Reed<\/li>\n\n\n\n<li>Jean Tchervenkov<\/li>\n\n\n\n<li>Marcel Behr<\/li>\n\n\n\n<li>Martin Olivier<\/li>\n\n\n\n<li>Joyce Rauch<\/li>\n\n\n\n<li>Livia Garzia<\/li>\n\n\n\n<li>Tanvi Anil Javkar<\/li>\n\n\n\n<li>Richard Miallot<\/li>\n\n\n\n<li>Dany Sibai<\/li>\n\n\n\n<li>Branka Vulesevic<\/li>\n<\/ul>\n\n\n\n<p><strong>B\u00e9n\u00e9voles<\/strong><\/p>\n\n\n\n<p><\/p>\n\n\n\n<ul class=\"wp-block-list\">\n<li>Nathalie Martel<\/li>\n\n\n\n<li>Angie Massicotte<\/li>\n\n\n\n<li>Line Larivi\u00e8re<\/li>\n\n\n\n<li>Abdoulie Touray<\/li>\n\n\n\n<li>Monyse de Nobrega<\/li>\n\n\n\n<li>Amir Chalati<\/li>\n\n\n\n<li>Varchaswini Chilaveni<\/li>\n\n\n\n<li>Niusha Khazaei<\/li>\n\n\n\n<li>Andr\u00e9a Bou-Nader<\/li>\n\n\n\n<li>Kal Koger-Pease<\/li>\n<\/ul>\n\n\n\n<p><\/p>","protected":false},"excerpt":{"rendered":"<p>Organizing committee The organizing committee steers the research day by choosing the key topics and inviting the main speakers. They also create the basic schedule for the day. Program and Operations Committee Responsible for the comprehensive planning and execution of the event, from the initial call for abstracts and speaker invitations to managing logistics, coordinating [&hellip;]<\/p>","protected":false},"author":1,"featured_media":0,"parent":0,"menu_order":0,"comment_status":"closed","ping_status":"closed","template":"","meta":{"footnotes":""},"class_list":["post-484","page","type-page","status-publish","hentry"],"_links":{"self":[{"href":"https:\/\/ri.idigh.ca\/rd2025\/fr\/wp-json\/wp\/v2\/pages\/484","targetHints":{"allow":["GET"]}}],"collection":[{"href":"https:\/\/ri.idigh.ca\/rd2025\/fr\/wp-json\/wp\/v2\/pages"}],"about":[{"href":"https:\/\/ri.idigh.ca\/rd2025\/fr\/wp-json\/wp\/v2\/types\/page"}],"author":[{"embeddable":true,"href":"https:\/\/ri.idigh.ca\/rd2025\/fr\/wp-json\/wp\/v2\/users\/1"}],"replies":[{"embeddable":true,"href":"https:\/\/ri.idigh.ca\/rd2025\/fr\/wp-json\/wp\/v2\/comments?post=484"}],"version-history":[{"count":10,"href":"https:\/\/ri.idigh.ca\/rd2025\/fr\/wp-json\/wp\/v2\/pages\/484\/revisions"}],"predecessor-version":[{"id":637,"href":"https:\/\/ri.idigh.ca\/rd2025\/fr\/wp-json\/wp\/v2\/pages\/484\/revisions\/637"}],"wp:attachment":[{"href":"https:\/\/ri.idigh.ca\/rd2025\/fr\/wp-json\/wp\/v2\/media?parent=484"}],"curies":[{"name":"wp","href":"https:\/\/api.w.org\/{rel}","templated":true}]}}