{"id":63,"date":"2025-04-02T19:51:06","date_gmt":"2025-04-02T19:51:06","guid":{"rendered":"https:\/\/ri.idigh.ca\/rd2025\/?page_id=63"},"modified":"2025-05-23T19:55:56","modified_gmt":"2025-05-23T19:55:56","slug":"agenda","status":"publish","type":"page","link":"https:\/\/ri.idigh.ca\/rd2025\/fr\/agenda\/","title":{"rendered":"Agenda"},"content":{"rendered":"<h2 class=\"wp-block-heading\"><\/h2>\n\n\n\n<div class=\"agenda-container\">\n  <h2>Agenda<\/h2>\n<div class=\"agenda-item\" data-type=\"break\">\n        <div class=\"agenda-row\">\n          <div class=\"agenda-time\">8:00<\/div>\n          <div class=\"agenda-session-name\">Accueil des participants<\/div>\n        <\/div>\n        <div class=\"agenda-body\">\n          <p>Retirez votre badge \u00e0 la table d'inscription et profitez de collations l\u00e9g\u00e8res<\/p>\n        <\/div>\n      <\/div>\n      <div class=\"agenda-item\" data-type=\"session\">\n        <div class=\"agenda-row\">\n          <div class=\"agenda-time\">8:30<\/div>\n          <div class=\"agenda-session-name\">Discours de bienvenue<\/div>\n        <\/div>\n        <div class=\"agenda-body\">\n          <p><strong>Conf\u00e9renciers<\/strong><\/p>\n    <ul>\n      <li><strong>Ciriaco Piccirillo<\/strong><br><em>Chef de programme IDIGH<\/em><\/li>\n      <li><strong>Patricia Tonin<\/strong><br><em>Chef de programme CRP<\/em><\/li>\n      \n    <\/ul>\n        <\/div>\n      <\/div>\n\n      <div class=\"agenda-item\" data-type=\"session\">\n        <div class=\"agenda-row\">\n          <div class=\"agenda-time\">9:00<\/div>\n          <div class=\"agenda-session-name\">Pr\u00e9sentation du chercheur principal 1 \u2013 Alexandra de Pokomandy (IDIGH)<\/div>\n        <\/div>\n        <div class=\"agenda-body\">\n          <p><em>Introduction par Jean-Pierre Routy<\/em><\/p>\n        <\/div>\n      <\/div>\n\n      <div class=\"agenda-item\" data-type=\"session\">\n        <div class=\"agenda-row\">\n          <div class=\"agenda-time\">9:20<\/div>\n          <div class=\"agenda-session-name\">Pr\u00e9sentations courtes \u2013 Bloc 1<\/div>\n        <\/div>\n        <div class=\"agenda-body\">\n          <p><strong>Conf\u00e9renciers<\/strong><\/p>\n    <ul>\n      <li><strong>Fiona Rees<\/strong><br><em>Superviseur : Ciriaco Piccirillo<\/em><\/li>\n      <li><strong>Ashley Kwak<\/strong><br><em>Superviseur :  Marcel Behr<\/em><\/li>\n      <li><strong>Kattreen Hanna<\/strong><br><em>Superviseur : Shuk On Annie Leung<\/em><\/li>\n      <li><strong>Kyeong Beom Jo<\/strong><br><em>Superviseur : Dae-Kyum Kim<\/em><\/li>\n    <\/ul>\n        <\/div>\n      <\/div>\n  <div class=\"agenda-items-wrapper\">\n    <div class=\"agenda-items-column\">\n     \n\n      \n\n      <div class=\"agenda-item\" data-type=\"break\">\n        <div class=\"agenda-row\">\n          <div class=\"agenda-time\">10:20<\/div>\n          <div class=\"agenda-session-name\">Pause<\/div>\n        <\/div>\n        <div class=\"agenda-body\">\n          <p>D\u00e9gustez des collations l\u00e9g\u00e8res et \u00e9changez avec nos sponsors \u00e0 leurs kiosques.<\/p>\n        <\/div>\n      <\/div>\n\n      <div class=\"agenda-item\" data-type=\"session\">\n        <div class=\"agenda-row\">\n          <div class=\"agenda-time\">10:50<\/div>\n          <div class=\"agenda-session-name\">Pr\u00e9sentation du chercheur principal 2 \u2013 Livia Garzia (CRP)<\/div>\n        <\/div>\n        <div class=\"agenda-body\">\n          <p><em>Introduction par David Labb\u00e9<\/em><\/p>\n        <\/div>\n      <\/div>\n\n      <div class=\"agenda-item\" data-type=\"session\">\n        <div class=\"agenda-row\">\n          <div class=\"agenda-time\">11:10<\/div>\n          <div class=\"agenda-session-name\">Pr\u00e9sentations courtes \u2013 Bloc 2<\/div>\n        <\/div>\n        <div class=\"agenda-body\">\n          <p><strong>Conf\u00e9renciers<\/strong><\/p>\n<ul>\n      <li><strong>Myriam Beaulieu<\/strong><br><em>Superviseur : Martin Olivier<\/em><\/li>\n      <li><strong>Rojine McVea<\/strong><br><em>Superviseur : Brian Ward<\/em><\/li>\n      <li><strong>Iqraa Dhoparee-Doomah<\/strong><br><em>Superviseur : Jonathan Cools-Lartigue<\/em><\/li>\n      <li><strong>Anastasia Mackeracher<\/strong><br><em>Superviseure : Joanna Przybyl<\/em><\/li>\n    <\/ul>\n        <\/div>\n      <\/div>\n\n      <div class=\"agenda-item\" data-type=\"break\">\n        <div class=\"agenda-row\">\n          <div class=\"agenda-time\">12:10<\/div>\n          <div class=\"agenda-session-name\">D\u00eener et Affiches \u2013 Bloc 1<\/div>\n        <\/div>\n        <div class=\"agenda-body\">\n          <p>Profitez du d\u00eener tout en explorant le premier bloc de pr\u00e9sentations d'affiches. Saisissez cette occasion pour \u00e9changer avec les pr\u00e9sentateurs, \u00e9tablir des contacts avec les participants et visiter les stands de nos sponsors.<\/p>\n        <\/div>\n      <\/div>\n\n      <div class=\"agenda-item\" data-type=\"break\">\n        <div class=\"agenda-row\">\n          <div class=\"agenda-time\">12:55<\/div>\n          <div class=\"agenda-session-name\">D\u00eener et Affiches \u2013 Bloc 2<\/div>\n        <\/div>\n        <div class=\"agenda-body\">\n          <p>Profitez du d\u00eener tout en explorant le deuxi\u00e8me bloc de pr\u00e9sentations d'affiches. Saisissez cette occasion pour \u00e9changer avec les pr\u00e9sentateurs, \u00e9tablir des contacts avec les participants et visiter les stands de nos sponsors.<\/p>\n        <\/div>\n      <\/div>\n\n      <div class=\"agenda-item\" data-type=\"session\">\n        <div class=\"agenda-row\">\n          <div class=\"agenda-time\">13:40<\/div>\n          <div class=\"agenda-session-name\">Pr\u00e9sentation du chercheur principal 3 \u2013 Eva Michaud (CRP)<\/div>\n        <\/div>\n        <div class=\"agenda-body\">\n          <p><em> Introduction par Simone Chevalier<\/em><\/p>\n        <\/div>\n      <\/div>\n\n      <div class=\"agenda-item\" data-type=\"session\">\n        <div class=\"agenda-row\">\n          <div class=\"agenda-time\">14:00<\/div>\n          <div class=\"agenda-session-name\">Pr\u00e9sentations courtes \u2013 Bloc 3<\/div>\n        <\/div>\n        <div class=\"agenda-body\">\n          <p><strong>Conf\u00e9renciers<\/strong><\/p><ul>\n      <li><strong>Elvis Martinez<\/strong><br><em>Superviseure : Elena Netchiporouk<\/em><\/li>\n      <li><strong>Nissim Maxim Frija-Gruman<\/strong><br><em>Superviseur : Bertrand Lebouch\u00e9<\/em><\/li>\n      <li><strong>Odette Rios Ibacache<\/strong><br><em>Superviseur : John Kildea<\/em><\/li>\n      <li><strong>Samira Rahimirad<\/strong><br><em>Superviseure : Simone Chevalier<\/em><\/li>\n    <\/ul>\n        <\/div>\n      <\/div>\n\n    <div class=\"agenda-item\" data-type=\"session\">\n      <div class=\"agenda-row\">\n        <div class=\"agenda-time\">15:00<\/div>\n        <div class=\"agenda-session-name\">Pr\u00e9sentation du chercheur principal 4 \u2013 Matthieu Allez (IDIGH)<\/div>\n      <\/div>\n      <div class=\"agenda-body\">\n        <p><em> Introduction par Ciro Piccirillo<\/em><\/p>\n      <\/div>\n    <\/div>\n\n    <div class=\"agenda-item\" data-type=\"session\">\n      <div class=\"agenda-row\">\n        <div class=\"agenda-time\">15:20<\/div>\n        <div class=\"agenda-session-name\">Ma th\u00e8se en 3 minutes<\/div>\n      <\/div>\n      <div class=\"agenda-body\">\n        <p><strong>Conf\u00e9renciers<\/strong><\/p>\n<ul>\n      <li><strong>Ethan Bendayan<\/strong><br><em>Superviseure : Elena Netchiporouk<\/em><\/li>\n      <li><strong>Trey Chernoff<\/strong><br><em>Superviseur : John Kildea<\/em><\/li>\n      <li><strong>Nicholas Hickens<\/strong><br><em>Superviseur : Bertrand Lebouch\u00e9<\/em><\/li>\n      <li><strong>Sarah Carmichael<\/strong><br><em>Superviseur : Sampath Loganathan<\/em><\/li>\n      <li><strong>Jason Gravett<\/strong><br><em>Superviseur : Brian Ward<\/em><\/li>\n      <li><strong>Richard Miallot<\/strong><br><em>Superviseure : Joanna Przybyl<\/em><\/li>\n    <\/ul>\n      <\/div>\n    <\/div>\n\n    <div class=\"agenda-item\" data-type=\"break\">\n      <div class=\"agenda-row\">\n        <div class=\"agenda-time\">15:40<\/div>\n        <div class=\"agenda-session-name\">Pause<\/div>\n      <\/div>\n      <div class=\"agenda-body\">\n        <p>Prenez une courte pause de 10 minutes avant la s\u00e9ance pl\u00e9ni\u00e8re. Profitez de ce moment pour vous \u00e9tirer et vous pr\u00e9parer pour la prochaine pr\u00e9sentation.<\/p>\n      <\/div>\n    <\/div>\n\n    <\/div>\n    <div id=\"agenda-vertical-bar\" class=\"agenda-vertical-bar\">\n      <span class=\"agenda-vertical-text\">Salon des exposants<\/span>\n    <\/div>\n  <\/div>\n  <div class=\"agenda-items-column\">\n    \n\n    <div class=\"agenda-item\" data-type=\"session\">\n      <div class=\"agenda-row\">\n        <div class=\"agenda-time\">15:50<\/div>\n        <div class=\"agenda-session-name\">Conf\u00e9rencier d'honneur \u2013 Mamatha Bhat<\/div>\n      <\/div>\n      <div class=\"agenda-body\">\n        <p><em>Introduction par par Dr. Giada Sebastiani<\/em><\/p>\n      <\/div>\n    <\/div>\n\n    <div class=\"agenda-item\" data-type=\"session\">\n      <div class=\"agenda-row\">\n        <div class=\"agenda-time\">16:50<\/div>\n        <div class=\"agenda-session-name\">Remise des prix \u2013 Discours de cl\u00f4ture<\/div>\n      <\/div>\n      <div class=\"agenda-body\">\n        <p><strong>Conf\u00e9renciers<\/strong> Ciro Piccirillo<\/p>\n      <\/div>\n    <\/div>\n\n    <div class=\"agenda-item\" data-type=\"break\">\n      <div class=\"agenda-row\">\n        <div class=\"agenda-time\">17:00<\/div>\n        <div class=\"agenda-session-name\">Cocktail<\/div>\n      <\/div>\n      <div class=\"agenda-body\">\n        <p>D\u00e9tendez-vous et socialisez lors de notre r\u00e9ception cocktail, une occasion id\u00e9ale pour \u00e9changer avec les autres participants.<\/p>\n      <\/div>\n    <\/div>\n\n    <div class=\"agenda-legend\">\n      <p><span class=\"legend-color atrium\"><\/span> Atrium<\/p>\n      <p><span class=\"legend-color amphitheater\"><\/span> Amphitheater<\/p>\n    <\/div>\n  <\/div>\n<\/div>\n\n<style>\n  body {\n    font-family: 'Arial', sans-serif;\n    margin: 0;\n    padding: 0;\n    background-color: #f4f4f9;\n  }\n\n  .agenda-container {\n    width: 90%;\n    margin: 20px auto;\n    background: #fff;\n    padding: 20px;\n    border-radius: 8px;\n    box-shadow: 0px 4px 8px rgba(0, 0, 0, 0.1);\n    border: 1px solid #e0e0e0;\n  }\n  .agenda-items-wrapper{\n    display: flex;\n  }\n\n  .agenda-container h2 {\n    text-align: center;\n    color: #333;\n    font-size: 2em;\n    margin-bottom: 20px;\n  }\n\n  .agenda-legend {\n    margin-top: 20px;\n    font-size: 1.1em;\n    text-align: center;\n  }\n\n  .legend-color {\n    display: inline-block;\n    width: 20px;\n    height: 20px;\n    margin-right: 10px;\n    border-radius: 50%;\n  }\n\n  .atrium {\n    background-color: #9e1b32;\n  }\n\n  .amphitheater {\n    background-color: #4db8b8;\n  }\n\n  \n\n  .agenda-item {\n    margin-bottom: 10px;\n    border: 1px solid #ddd;\n    border-radius: 8px;\n    overflow: hidden;\n    transition: all 0.3s ease-in-out;\n    display: flex;\n    flex-direction: column;\n    padding: 0px;\n  }\n\n  .agenda-row {\n    display: flex;\n    justify-content: space-between;\n    \n    padding: 10px;\n  }\n\n  .agenda-time {\n    font-weight: bold;\n    width: 4em;\n  }\n\n  .agenda-session-name {\n    width: 100%;\n\n  }\n\n  .agenda-item[data-type=\"break\"] .agenda-row {\n    background-color: #9e1b32;\n    color: white;\n  }\n\n.agenda-item[data-type=\"break\"]:hover .agenda-row {\n    background-color: #f9594d;\n    \n  }\n\n  .agenda-item[data-type=\"session\"] .agenda-row {\n    background-color: #4db8b8;\n    color: white;\n  }\n\n  .agenda-item[data-type=\"session\"]:hover .agenda-row {\n    background-color: #40e0d0;\n    \n  }\n\n \n\n  .agenda-body {\n    display: none;\n    padding: 15px;\n    background-color: #f9f9f9;\n    color: #333;\n    border-top: 1px solid #ddd;\n  }\n\n  .agenda-item.active .agenda-body {\n    display: block;\n  }\n\n  .agenda-item.active .agenda-row {\n    background-color: #4682b4;\n  }\n\n  .agenda-row:hover {\n    background-color: #4682b4;\n  }\n\n  .agenda-vertical-bar {\nborder-radius: 8px;\n    width: 20px;\n    background-color: red;\n    display: flex;\n    align-items: center;\n    justify-content: center;\n    flex-shrink: 0;\n    margin-left: 8px;\nmargin-bottom: 10px;\n\tpadding-right: 5px;\npadding-left: 5px;\n  }\n.agenda-vertical-bar:hover {\nbackground-color: #fba29c;\n}\n  .agenda-vertical-text {\n    color: white;\n    writing-mode: vertical-rl;\n    text-orientation: mixed;\n    transform: rotate(180deg);\n    white-space: nowrap;\n  }\n  .agenda-items-column{\n    flex: 1;\n  }\n<\/style>\n\n<script>\n  document.querySelectorAll('.agenda-row').forEach(item => {\n    item.addEventListener('click', function() {\n      const parent = item.parentElement;\n      parent.classList.toggle('active');\n    });\n  });\n\n\nvar lang = \"\"; \/\/ Initialize the lang variable\n\nif (window.location.pathname.includes(\"\/fr\/\")) {\n  lang = \"fr\/\";\nconsole.log(\"lang variable set to:\", lang); \/\/ Check if this runs\n}\nconst agendaverticalbar = document.getElementById('agenda-vertical-bar'); \nif (agendaverticalbar) {\n  agendaverticalbar.addEventListener('click', function() {\n    window.location.href = 'https:\/\/ri.idigh.ca\/rd2025\/' + lang + 'info\/vendor-show\/'; \/\/ Replace with your desired URL\n  });\n  agendaverticalbar.style.cursor = 'pointer'; \/\/ Optional: Change cursor to indicate it's clickable\n}\n\n<\/script>","protected":false},"excerpt":{"rendered":"<p>Agenda 8:00 Registration and Breakfast Pick up your name tag at the registration table and enjoy some light refreshments 8:30 Welcoming Remarks Speakers: Ciriaco PiccirilloIDIGH Program Leader Patricia ToninCRP Program Leader 9:00 PI Presentation 1 &#8211; Alexandra de Pokomandy (IDIGH) Introduced by Jean-Pierre Routy 9:20 Short Talks &#8211; Block 1 Speakers: Fiona ReesSupervisor: Ciriaco Piccirillo [&hellip;]<\/p>","protected":false},"author":2,"featured_media":0,"parent":0,"menu_order":3,"comment_status":"closed","ping_status":"closed","template":"","meta":{"footnotes":""},"class_list":["post-63","page","type-page","status-publish","hentry"],"_links":{"self":[{"href":"https:\/\/ri.idigh.ca\/rd2025\/fr\/wp-json\/wp\/v2\/pages\/63","targetHints":{"allow":["GET"]}}],"collection":[{"href":"https:\/\/ri.idigh.ca\/rd2025\/fr\/wp-json\/wp\/v2\/pages"}],"about":[{"href":"https:\/\/ri.idigh.ca\/rd2025\/fr\/wp-json\/wp\/v2\/types\/page"}],"author":[{"embeddable":true,"href":"https:\/\/ri.idigh.ca\/rd2025\/fr\/wp-json\/wp\/v2\/users\/2"}],"replies":[{"embeddable":true,"href":"https:\/\/ri.idigh.ca\/rd2025\/fr\/wp-json\/wp\/v2\/comments?post=63"}],"version-history":[{"count":146,"href":"https:\/\/ri.idigh.ca\/rd2025\/fr\/wp-json\/wp\/v2\/pages\/63\/revisions"}],"predecessor-version":[{"id":633,"href":"https:\/\/ri.idigh.ca\/rd2025\/fr\/wp-json\/wp\/v2\/pages\/63\/revisions\/633"}],"wp:attachment":[{"href":"https:\/\/ri.idigh.ca\/rd2025\/fr\/wp-json\/wp\/v2\/media?parent=63"}],"curies":[{"name":"wp","href":"https:\/\/api.w.org\/{rel}","templated":true}]}}