{"id":2,"date":"2025-04-02T11:33:04","date_gmt":"2025-04-02T11:33:04","guid":{"rendered":"https:\/\/ri.idigh.ca\/rd2025\/?page_id=2"},"modified":"2026-04-15T15:48:15","modified_gmt":"2026-04-15T19:48:15","slug":"sample-page","status":"publish","type":"page","link":"https:\/\/ri.idigh.ca\/rd2026\/fr\/","title":{"rendered":"Home page"},"content":{"rendered":"<p><\/p>\n\n\n\n<p class=\"has-large-font-size\">Bienvenue<\/p>\n\n\n\n<div class=\"wp-block-columns is-layout-flex wp-container-core-columns-is-layout-28f84493 wp-block-columns-is-layout-flex\">\n<div class=\"wp-block-column is-layout-flow wp-block-column-is-layout-flow\" style=\"flex-basis:60%\">\n<p class=\"translation-block\">L'objectif principal de la <strong>Journ\u00e9e de  la recherche IDIGH<\/strong> est de favoriser les collaborations interdisciplinaires synergiques au sein du programme, en s'inspirant de la Vision 2030 r\u00e9cemment publi\u00e9e par l'IR-CUSM. Les membres du programme auront l'occasion de d\u00e9couvrir la diversit\u00e9 des recherches men\u00e9es au sein de la communaut\u00e9 IDIGH, allant de la science fondamentale \u00e0 la recherche clinique, en passant par les r\u00e9sultats de sant\u00e9 et l'\u00e9pid\u00e9miologie. Un objectif cl\u00e9 est de former la prochaine g\u00e9n\u00e9ration de chercheurs en leur offrant l'opportunit\u00e9 de : <strong>perfectionner leurs comp\u00e9tences en pr\u00e9sentation<\/strong> dans un environnement professionnel, <strong>participer \u00e0 des discussions<\/strong> concernant leurs derni\u00e8res d\u00e9couvertes et <strong>interagir avec des chercheurs chevronn\u00e9s<\/strong>, y compris des chercheurs principaux ainsi que des conf\u00e9renciers invit\u00e9s internes et externes.<\/p>\n\n\n\n<p><strong>Soumettre un r\u00e9sum\u00e9<\/strong><\/p>\n\n\n\n<p class=\"translation-block\">Les stagiaires, fellows et membres du personnel du programme IDIGH sont invit\u00e9s \u00e0 soumettre un r\u00e9sum\u00e9 avant le <strong>6 avril 2026<\/strong>, pour l'une de nos cat\u00e9gories de pr\u00e9sentation :<\/p>\n\n\n\n<ol start=\"1\" class=\"wp-block-list\">\n<li><strong>Pr\u00e9sentation par affiche<\/strong><\/li>\n\n\n\n<li><strong>Pr\u00e9sentation orale<\/strong><\/li>\n\n\n\n<li><strong>Th\u00e8se en 3 minutes<\/strong><\/li>\n<\/ol>\n\n\n\n<p>Les soumissions de r\u00e9sum\u00e9s sont les bienvenues pour tous les membres du programme, peu importe le sujet de recherche ou l'\u00e9tat d'avancement du projet. Plusieurs prix seront d\u00e9cern\u00e9s pour les meilleures pr\u00e9sentations.<\/p>\n<\/div>\n\n\n\n<div class=\"wp-block-column is-layout-flow wp-block-column-is-layout-flow\" style=\"flex-basis:40%\">\n<figure class=\"wp-block-image size-large\"><img loading=\"lazy\" decoding=\"async\" width=\"797\" height=\"1024\" src=\"https:\/\/ri.idigh.ca\/rd2026\/wp-content\/uploads\/2026\/04\/2026-04-28-rd-poster-797x1024.png\" alt=\"\" class=\"wp-image-836\" srcset=\"https:\/\/ri.idigh.ca\/rd2026\/wp-content\/uploads\/2026\/04\/2026-04-28-rd-poster-797x1024.png 797w, https:\/\/ri.idigh.ca\/rd2026\/wp-content\/uploads\/2026\/04\/2026-04-28-rd-poster-233x300.png 233w, https:\/\/ri.idigh.ca\/rd2026\/wp-content\/uploads\/2026\/04\/2026-04-28-rd-poster-768x987.png 768w, https:\/\/ri.idigh.ca\/rd2026\/wp-content\/uploads\/2026\/04\/2026-04-28-rd-poster-9x12.png 9w, https:\/\/ri.idigh.ca\/rd2026\/wp-content\/uploads\/2026\/04\/2026-04-28-rd-poster.png 1030w\" sizes=\"auto, (max-width: 797px) 100vw, 797px\" \/><\/figure>\n<\/div>\n<\/div>\n\n\n\n<div class=\"wp-block-cover has-parallax\" style=\"min-height:177px;aspect-ratio:unset;\"><div class=\"wp-block-cover__image-background wp-image-662 size-full has-parallax\" style=\"background-position:50% 50%;background-image:url(https:\/\/ri.idigh.ca\/rd2025\/wp-content\/uploads\/2025\/05\/collage_rd2025.png)\"><\/div><span aria-hidden=\"true\" class=\"wp-block-cover__background has-background-dim\" style=\"background-color:#827e7b\"><\/span><div class=\"wp-block-cover__inner-container has-global-padding is-layout-constrained wp-block-cover-is-layout-constrained\">\n<p class=\"has-text-align-center has-large-font-size\"><strong>Retour sur la Journ\u00e9e de la recherche 2025<\/strong><\/p>\n\n\n\n<p class=\"has-text-align-center\">Merci \u00e0 tous !<\/p>\n\n\n\n<div class=\"wp-block-buttons is-content-justification-center is-layout-flex wp-container-core-buttons-is-layout-a89b3969 wp-block-buttons-is-layout-flex\">\n<div class=\"wp-block-button is-style-outline is-style-outline--1\"><a class=\"wp-block-button__link wp-element-button\" href=\"https:\/\/ri.idigh.ca\/rd2026\/fr\/info\/idigh-crp-research-day-vision-collaboration-and-discoveries\/\">Plus de d\u00e9tails<\/a><\/div>\n<\/div>\n<\/div><\/div>\n\n\n\n<hr class=\"wp-block-separator has-alpha-channel-opacity\"\/>\n\n\n\n<p class=\"has-large-font-size\">Visitez notre salon des exposants mettant en vedette nos commanditaires<\/p>\n\n\n\n<figure class=\"wp-block-image aligncenter size-large\"><img loading=\"lazy\" decoding=\"async\" width=\"1024\" height=\"331\" src=\"https:\/\/ri.idigh.ca\/rd2025\/wp-content\/uploads\/2025\/04\/sponsor_show-1024x331.jpg\" alt=\"\" class=\"wp-image-306\" srcset=\"https:\/\/ri.idigh.ca\/rd2026\/wp-content\/uploads\/2025\/04\/sponsor_show-1024x331.jpg 1024w, https:\/\/ri.idigh.ca\/rd2026\/wp-content\/uploads\/2025\/04\/sponsor_show-300x97.jpg 300w, https:\/\/ri.idigh.ca\/rd2026\/wp-content\/uploads\/2025\/04\/sponsor_show-768x248.jpg 768w, https:\/\/ri.idigh.ca\/rd2026\/wp-content\/uploads\/2025\/04\/sponsor_show-1536x496.jpg 1536w, https:\/\/ri.idigh.ca\/rd2026\/wp-content\/uploads\/2025\/04\/sponsor_show-2048x661.jpg 2048w, https:\/\/ri.idigh.ca\/rd2026\/wp-content\/uploads\/2025\/04\/sponsor_show-18x6.jpg 18w\" sizes=\"auto, (max-width: 1024px) 100vw, 1024px\" \/><\/figure>\n\n\n\n<p>Notre Journ\u00e9e de la recherche va aussi avoir un <a href=\"https:\/\/ri.idigh.ca\/rd2026\/fr\/info\/vendor-show\/\" data-type=\"post\" data-id=\"297\">salon des exposants<\/a> ouvert de 10h \u00e0 15h dans l'atrium du IR-CUSM. C'est plus qu'une simple exposition; c'est une chance de d\u00e9couvrir des technologies de pointe, des services innovateurs, et les organismes qui soutiennent activement nos efforts de recherche.<\/p>\n\n\n\n<figure class=\"wp-block-image aligncenter size-large\"><img decoding=\"async\" src=\"https:\/\/idigh.ca\/images\/articles\/research_day\/2026\/RDSponsors2026.png\" alt=\"\"\/><\/figure>\n\n\n\n<div class=\"wp-block-cover\"><img loading=\"lazy\" decoding=\"async\" width=\"1024\" height=\"683\" class=\"wp-block-cover__image-background wp-image-589 size-large\" alt=\"\" src=\"https:\/\/ri.idigh.ca\/rd2025\/wp-content\/uploads\/2025\/05\/ChatGPT-Image-5-mai-2025-21_01_21-1024x683.png\" style=\"object-position:50% 75%\" data-object-fit=\"cover\" data-object-position=\"50% 75%\" srcset=\"https:\/\/ri.idigh.ca\/rd2026\/wp-content\/uploads\/2025\/05\/ChatGPT-Image-5-mai-2025-21_01_21-1024x683.png 1024w, https:\/\/ri.idigh.ca\/rd2026\/wp-content\/uploads\/2025\/05\/ChatGPT-Image-5-mai-2025-21_01_21-300x200.png 300w, https:\/\/ri.idigh.ca\/rd2026\/wp-content\/uploads\/2025\/05\/ChatGPT-Image-5-mai-2025-21_01_21-768x512.png 768w, https:\/\/ri.idigh.ca\/rd2026\/wp-content\/uploads\/2025\/05\/ChatGPT-Image-5-mai-2025-21_01_21-18x12.png 18w, https:\/\/ri.idigh.ca\/rd2026\/wp-content\/uploads\/2025\/05\/ChatGPT-Image-5-mai-2025-21_01_21.png 1536w\" sizes=\"auto, (max-width: 1024px) 100vw, 1024px\" \/><span aria-hidden=\"true\" class=\"wp-block-cover__background has-background-dim\" style=\"background-color:#5d5b58\"><\/span><div class=\"wp-block-cover__inner-container has-global-padding is-layout-constrained wp-container-core-cover-is-layout-7a3688e9 wp-block-cover-is-layout-constrained\">\n<p class=\"has-text-align-center has-x-large-font-size\"><strong>De nombreux prix \u00e0 gagner en visitant nos commanditaires !<\/strong><\/p>\n\n\n\n<div class=\"wp-block-buttons is-content-justification-center is-layout-flex wp-container-core-buttons-is-layout-a89b3969 wp-block-buttons-is-layout-flex\">\n<div class=\"wp-block-button is-style-outline is-style-outline--2\"><a class=\"wp-block-button__link wp-element-button\" href=\"https:\/\/ri.idigh.ca\/rd2026\/fr\/info\/vendor-show\/\">Plus d'informations<\/a><\/div>\n<\/div>\n<\/div><\/div>","protected":false},"excerpt":{"rendered":"<p>Welcome The primary goal of the IDIGH Research Day is to foster synergistic interdisciplinary collaborations within the program, inspired by the recently released Vision 2030 of the RI-MUHC. Faculty members will have the opportunity to engage with the diverse range of research taking place within the IDIGH community, spanning from fundamental bench science to clinical [&hellip;]<\/p>\n","protected":false},"author":1,"featured_media":0,"parent":0,"menu_order":0,"comment_status":"closed","ping_status":"open","template":"","meta":{"footnotes":""},"class_list":["post-2","page","type-page","status-publish","hentry"],"_links":{"self":[{"href":"https:\/\/ri.idigh.ca\/rd2026\/fr\/wp-json\/wp\/v2\/pages\/2","targetHints":{"allow":["GET"]}}],"collection":[{"href":"https:\/\/ri.idigh.ca\/rd2026\/fr\/wp-json\/wp\/v2\/pages"}],"about":[{"href":"https:\/\/ri.idigh.ca\/rd2026\/fr\/wp-json\/wp\/v2\/types\/page"}],"author":[{"embeddable":true,"href":"https:\/\/ri.idigh.ca\/rd2026\/fr\/wp-json\/wp\/v2\/users\/1"}],"replies":[{"embeddable":true,"href":"https:\/\/ri.idigh.ca\/rd2026\/fr\/wp-json\/wp\/v2\/comments?post=2"}],"version-history":[{"count":30,"href":"https:\/\/ri.idigh.ca\/rd2026\/fr\/wp-json\/wp\/v2\/pages\/2\/revisions"}],"predecessor-version":[{"id":837,"href":"https:\/\/ri.idigh.ca\/rd2026\/fr\/wp-json\/wp\/v2\/pages\/2\/revisions\/837"}],"wp:attachment":[{"href":"https:\/\/ri.idigh.ca\/rd2026\/fr\/wp-json\/wp\/v2\/media?parent=2"}],"curies":[{"name":"wp","href":"https:\/\/api.w.org\/{rel}","templated":true}]}}