{"id":484,"date":"2025-04-30T16:12:31","date_gmt":"2025-04-30T16:12:31","guid":{"rendered":"https:\/\/ri.idigh.ca\/rd2025\/?page_id=484"},"modified":"2026-01-22T11:52:23","modified_gmt":"2026-01-22T16:52:23","slug":"team","status":"publish","type":"page","link":"https:\/\/ri.idigh.ca\/rd2026\/fr\/team\/","title":{"rendered":"\u00c9quipe"},"content":{"rendered":"<p><strong>Comit\u00e9 organisateur<\/strong><\/p>\n\n\n\n<p>Le comit\u00e9 organisateur dirige la journ\u00e9e de recherche en choisissant les sujets cl\u00e9s et en invitant les conf\u00e9renciers principaux. Ils cr\u00e9ent \u00e9galement l'horaire de base de la journ\u00e9e.<\/p>\n\n\n\n<ul class=\"wp-block-list\">\n<li>Ciro Piccirillo, PhD<\/li>\n\n\n\n<li>Eric B\u00e9liveau, PhD<\/li>\n\n\n\n<li>Vicky Barrera, BSc<\/li>\n<\/ul>\n\n\n\n<p>Le comit\u00e9 scientifique complet sera annonc\u00e9 bient\u00f4t.<\/p>\n\n\n\n<p><strong>Comit\u00e9 de planification et des op\u00e9rations<\/strong><\/p>\n\n\n\n<p>Responsable de la planification globale et de l'ex\u00e9cution de l'\u00e9v\u00e9nement, depuis l'appel initial aux r\u00e9sum\u00e9s et les invitations des conf\u00e9renciers, jusqu'\u00e0 la gestion de la logistique, la coordination des b\u00e9n\u00e9voles et l'assurance d'une exp\u00e9rience fluide pour tous les participants. L'\u00e9quipe est \u00e9galement responsable des commandites. <\/p>\n\n\n\n<ul class=\"wp-block-list\">\n<li>Eric B\u00e9liveau<\/li>\n\n\n\n<li>Vicky Barrera<\/li>\n<\/ul>\n\n\n\n<p><\/p>\n\n\n\n<p><\/p>\n\n\n\n<p><\/p>","protected":false},"excerpt":{"rendered":"<p>Organizing committee The organizing committee steers the research day by choosing the key topics and inviting the main speakers. They also create the basic schedule for the day. Note that the full scientific committee will be announced soon. Program and Operations Committee Responsible for the comprehensive planning and execution of the event, from the initial [&hellip;]<\/p>\n","protected":false},"author":1,"featured_media":0,"parent":0,"menu_order":0,"comment_status":"closed","ping_status":"closed","template":"","meta":{"footnotes":""},"class_list":["post-484","page","type-page","status-publish","hentry"],"_links":{"self":[{"href":"https:\/\/ri.idigh.ca\/rd2026\/fr\/wp-json\/wp\/v2\/pages\/484","targetHints":{"allow":["GET"]}}],"collection":[{"href":"https:\/\/ri.idigh.ca\/rd2026\/fr\/wp-json\/wp\/v2\/pages"}],"about":[{"href":"https:\/\/ri.idigh.ca\/rd2026\/fr\/wp-json\/wp\/v2\/types\/page"}],"author":[{"embeddable":true,"href":"https:\/\/ri.idigh.ca\/rd2026\/fr\/wp-json\/wp\/v2\/users\/1"}],"replies":[{"embeddable":true,"href":"https:\/\/ri.idigh.ca\/rd2026\/fr\/wp-json\/wp\/v2\/comments?post=484"}],"version-history":[{"count":11,"href":"https:\/\/ri.idigh.ca\/rd2026\/fr\/wp-json\/wp\/v2\/pages\/484\/revisions"}],"predecessor-version":[{"id":745,"href":"https:\/\/ri.idigh.ca\/rd2026\/fr\/wp-json\/wp\/v2\/pages\/484\/revisions\/745"}],"wp:attachment":[{"href":"https:\/\/ri.idigh.ca\/rd2026\/fr\/wp-json\/wp\/v2\/media?parent=484"}],"curies":[{"name":"wp","href":"https:\/\/api.w.org\/{rel}","templated":true}]}}